{"id":26,"date":"2011-03-20T13:20:38","date_gmt":"2011-03-20T12:20:38","guid":{"rendered":"http:\/\/service230779.dyndns.org\/vitel-lompoul.com\/?page_id=26"},"modified":"2023-09-24T13:29:40","modified_gmt":"2023-09-24T12:29:40","slug":"soggiorno","status":"publish","type":"page","link":"https:\/\/www.vitel-lompoul.com\/?page_id=26","title":{"rendered":"S\u00e9jour"},"content":{"rendered":"<p>&nbsp;<\/p>\n<table cellpadding=\"10\">\n<tbody>\n<tr>\n<td><a href=\"https:\/\/i0.wp.com\/www.vitel-lompoul.com\/wp-content\/uploads\/2011\/03\/DSC_0076.jpg?ssl=1\" target=\"_blank\" rel=\"noopener\"><img data-recalc-dims=\"1\" loading=\"lazy\" decoding=\"async\" class=\"size-medium wp-image-182 aligncenter\" title=\"Mbour\" src=\"https:\/\/i0.wp.com\/www.vitel-lompoul.com\/wp-content\/uploads\/2011\/03\/DSC_0076.jpg?resize=280%2C186&ssl=1\" alt=\"\" width=\"280\" height=\"186\" srcset=\"https:\/\/i0.wp.com\/www.vitel-lompoul.com\/wp-content\/uploads\/2011\/03\/DSC_0076.jpg?resize=280%2C186&amp;ssl=1 280w, https:\/\/i0.wp.com\/www.vitel-lompoul.com\/wp-content\/uploads\/2011\/03\/DSC_0076.jpg?resize=932%2C621&amp;ssl=1 932w, https:\/\/i0.wp.com\/www.vitel-lompoul.com\/wp-content\/uploads\/2011\/03\/DSC_0076.jpg?resize=940%2C626&amp;ssl=1 940w, https:\/\/i0.wp.com\/www.vitel-lompoul.com\/wp-content\/uploads\/2011\/03\/DSC_0076.jpg?resize=460%2C306&amp;ssl=1 460w, https:\/\/i0.wp.com\/www.vitel-lompoul.com\/wp-content\/uploads\/2011\/03\/DSC_0076.jpg?resize=340%2C226&amp;ssl=1 340w, https:\/\/i0.wp.com\/www.vitel-lompoul.com\/wp-content\/uploads\/2011\/03\/DSC_0076.jpg?resize=220%2C146&amp;ssl=1 220w, https:\/\/i0.wp.com\/www.vitel-lompoul.com\/wp-content\/uploads\/2011\/03\/DSC_0076.jpg?resize=160%2C106&amp;ssl=1 160w, https:\/\/i0.wp.com\/www.vitel-lompoul.com\/wp-content\/uploads\/2011\/03\/DSC_0076.jpg?w=1106&amp;ssl=1 1106w\" sizes=\"auto, (max-width: 280px) 100vw, 280px\" \/><\/a><\/td>\n<td><a href=\"https:\/\/i0.wp.com\/www.vitel-lompoul.com\/wp-content\/uploads\/2011\/03\/DSC_0026.jpg?ssl=1\" target=\"_blank\" rel=\"noopener\"><img data-recalc-dims=\"1\" loading=\"lazy\" decoding=\"async\" class=\"size-medium wp-image-183 aligncenter\" title=\"Lac Rose Dakar\" src=\"https:\/\/i0.wp.com\/www.vitel-lompoul.com\/wp-content\/uploads\/2011\/03\/DSC_0026.jpg?resize=280%2C186&ssl=1\" alt=\"\" width=\"280\" height=\"186\" srcset=\"https:\/\/i0.wp.com\/www.vitel-lompoul.com\/wp-content\/uploads\/2011\/03\/DSC_0026.jpg?resize=280%2C186&amp;ssl=1 280w, https:\/\/i0.wp.com\/www.vitel-lompoul.com\/wp-content\/uploads\/2011\/03\/DSC_0026.jpg?resize=932%2C621&amp;ssl=1 932w, https:\/\/i0.wp.com\/www.vitel-lompoul.com\/wp-content\/uploads\/2011\/03\/DSC_0026.jpg?resize=940%2C626&amp;ssl=1 940w, https:\/\/i0.wp.com\/www.vitel-lompoul.com\/wp-content\/uploads\/2011\/03\/DSC_0026.jpg?resize=460%2C306&amp;ssl=1 460w, https:\/\/i0.wp.com\/www.vitel-lompoul.com\/wp-content\/uploads\/2011\/03\/DSC_0026.jpg?resize=340%2C226&amp;ssl=1 340w, https:\/\/i0.wp.com\/www.vitel-lompoul.com\/wp-content\/uploads\/2011\/03\/DSC_0026.jpg?resize=220%2C146&amp;ssl=1 220w, https:\/\/i0.wp.com\/www.vitel-lompoul.com\/wp-content\/uploads\/2011\/03\/DSC_0026.jpg?resize=160%2C106&amp;ssl=1 160w, https:\/\/i0.wp.com\/www.vitel-lompoul.com\/wp-content\/uploads\/2011\/03\/DSC_0026.jpg?w=1106&amp;ssl=1 1106w\" sizes=\"auto, (max-width: 280px) 100vw, 280px\" \/><\/a><\/td>\n<td><a href=\"https:\/\/i0.wp.com\/www.vitel-lompoul.com\/wp-content\/uploads\/2011\/03\/DSC_0055.jpg?ssl=1\"><img data-recalc-dims=\"1\" loading=\"lazy\" decoding=\"async\" class=\"size-medium wp-image-185 aligncenter\" title=\"Lac Rose d\u00e9sert\" src=\"https:\/\/i0.wp.com\/www.vitel-lompoul.com\/wp-content\/uploads\/2011\/03\/DSC_0055.jpg?resize=280%2C186&ssl=1\" alt=\"\" width=\"280\" height=\"186\" srcset=\"https:\/\/i0.wp.com\/www.vitel-lompoul.com\/wp-content\/uploads\/2011\/03\/DSC_0055.jpg?resize=280%2C186&amp;ssl=1 280w, https:\/\/i0.wp.com\/www.vitel-lompoul.com\/wp-content\/uploads\/2011\/03\/DSC_0055.jpg?resize=932%2C621&amp;ssl=1 932w, https:\/\/i0.wp.com\/www.vitel-lompoul.com\/wp-content\/uploads\/2011\/03\/DSC_0055.jpg?resize=940%2C626&amp;ssl=1 940w, https:\/\/i0.wp.com\/www.vitel-lompoul.com\/wp-content\/uploads\/2011\/03\/DSC_0055.jpg?resize=460%2C306&amp;ssl=1 460w, https:\/\/i0.wp.com\/www.vitel-lompoul.com\/wp-content\/uploads\/2011\/03\/DSC_0055.jpg?resize=340%2C226&amp;ssl=1 340w, https:\/\/i0.wp.com\/www.vitel-lompoul.com\/wp-content\/uploads\/2011\/03\/DSC_0055.jpg?resize=220%2C146&amp;ssl=1 220w, https:\/\/i0.wp.com\/www.vitel-lompoul.com\/wp-content\/uploads\/2011\/03\/DSC_0055.jpg?resize=160%2C106&amp;ssl=1 160w, https:\/\/i0.wp.com\/www.vitel-lompoul.com\/wp-content\/uploads\/2011\/03\/DSC_0055.jpg?w=1106&amp;ssl=1 1106w\" sizes=\"auto, (max-width: 280px) 100vw, 280px\" \/><\/a><\/td>\n<\/tr>\n<\/tbody>\n<\/table>\n<p>VITEL est un logement id\u00e9al pour ceux qui veulent faire du \u00e9cotourisme, bien pour ceux qui voyagent sac au dos \u00e0 l\u2019aventure et qui se dirigent vers le d\u00e9sert, que pour ceux qui d\u00e9sirent s\u2019arr\u00eater quelques jours, se d\u00e9tendre et jouir d\u2019un paysage ravissant, se d\u00e9tacher du stress d\u2019une vie fr\u00e9n\u00e9tique, pour se plonger dans la nature et s\u2019abandonner \u00e0 la r\u00e9g\u00e9n\u00e9ration physique et au ressourcement psychologique.<\/p>\n<p>\u00c0 VITEL vous aurez l\u2019occasion de d\u00e9couvrir le S\u00e9n\u00e9gal, ses traditions, sa culture et rencontrer les gens.<\/p>\n<p>Le propri\u00e9taire, Ibra Fall, a pr\u00e9par\u00e9 pour ceux qui le souhaitent, des programmes de s\u00e9jour vraiment complets: itin\u00e9raires touristiques, excursions \u00e0 cheval, balade \u00e0 pieds, loisirs, \u00e9changes culturels et retraite spirituelle. Programmes pens\u00e9s pour un tourisme \u00e9cologiquement responsable qui respecte la terre et la population locale et qui encourager les \u00e9changes culturels.<\/p>\n<p>Entre les plusieurs activit\u00e9s ces programmes comprennent formation en instruments de musique traditionnelle africaine (djemb\u00e9, tam-tam, tama et instruments \u00e0 cordes) et soir\u00e9es dansantes.<\/p>\n<table cellpadding=\"10\">\n<tbody>\n<tr>\n<td><a href=\"https:\/\/i0.wp.com\/www.vitel-lompoul.com\/wp-content\/uploads\/2011\/03\/DSC_0064.jpg?ssl=1\" target=\"_blank\" rel=\"noopener\"><img data-recalc-dims=\"1\" loading=\"lazy\" decoding=\"async\" class=\"size-medium wp-image-184 aligncenter\" title=\"Mbour march\u00e9\" src=\"https:\/\/i0.wp.com\/www.vitel-lompoul.com\/wp-content\/uploads\/2011\/03\/DSC_0064.jpg?resize=280%2C186&ssl=1\" alt=\"\" width=\"280\" height=\"186\" srcset=\"https:\/\/i0.wp.com\/www.vitel-lompoul.com\/wp-content\/uploads\/2011\/03\/DSC_0064.jpg?resize=280%2C186&amp;ssl=1 280w, https:\/\/i0.wp.com\/www.vitel-lompoul.com\/wp-content\/uploads\/2011\/03\/DSC_0064.jpg?resize=932%2C621&amp;ssl=1 932w, https:\/\/i0.wp.com\/www.vitel-lompoul.com\/wp-content\/uploads\/2011\/03\/DSC_0064.jpg?resize=940%2C626&amp;ssl=1 940w, https:\/\/i0.wp.com\/www.vitel-lompoul.com\/wp-content\/uploads\/2011\/03\/DSC_0064.jpg?resize=460%2C306&amp;ssl=1 460w, https:\/\/i0.wp.com\/www.vitel-lompoul.com\/wp-content\/uploads\/2011\/03\/DSC_0064.jpg?resize=340%2C226&amp;ssl=1 340w, https:\/\/i0.wp.com\/www.vitel-lompoul.com\/wp-content\/uploads\/2011\/03\/DSC_0064.jpg?resize=220%2C146&amp;ssl=1 220w, https:\/\/i0.wp.com\/www.vitel-lompoul.com\/wp-content\/uploads\/2011\/03\/DSC_0064.jpg?resize=160%2C106&amp;ssl=1 160w, https:\/\/i0.wp.com\/www.vitel-lompoul.com\/wp-content\/uploads\/2011\/03\/DSC_0064.jpg?w=1106&amp;ssl=1 1106w\" sizes=\"auto, (max-width: 280px) 100vw, 280px\" \/><\/a><\/td>\n<td><a href=\"https:\/\/i0.wp.com\/www.vitel-lompoul.com\/wp-content\/uploads\/2011\/03\/boubaband2.jpg?ssl=1\" target=\"_blank\" rel=\"noopener\"><img data-recalc-dims=\"1\" loading=\"lazy\" decoding=\"async\" class=\"size-medium wp-image-189 aligncenter\" title=\"Griot_musique\" src=\"https:\/\/i0.wp.com\/www.vitel-lompoul.com\/wp-content\/uploads\/2011\/03\/boubaband2.jpg?resize=280%2C210&ssl=1\" alt=\"\" width=\"280\" height=\"210\" srcset=\"https:\/\/i0.wp.com\/www.vitel-lompoul.com\/wp-content\/uploads\/2011\/03\/boubaband2.jpg?resize=280%2C210&amp;ssl=1 280w, https:\/\/i0.wp.com\/www.vitel-lompoul.com\/wp-content\/uploads\/2011\/03\/boubaband2.jpg?resize=932%2C699&amp;ssl=1 932w, https:\/\/i0.wp.com\/www.vitel-lompoul.com\/wp-content\/uploads\/2011\/03\/boubaband2.jpg?resize=940%2C705&amp;ssl=1 940w, https:\/\/i0.wp.com\/www.vitel-lompoul.com\/wp-content\/uploads\/2011\/03\/boubaband2.jpg?resize=460%2C345&amp;ssl=1 460w, https:\/\/i0.wp.com\/www.vitel-lompoul.com\/wp-content\/uploads\/2011\/03\/boubaband2.jpg?resize=340%2C255&amp;ssl=1 340w, https:\/\/i0.wp.com\/www.vitel-lompoul.com\/wp-content\/uploads\/2011\/03\/boubaband2.jpg?resize=220%2C165&amp;ssl=1 220w, https:\/\/i0.wp.com\/www.vitel-lompoul.com\/wp-content\/uploads\/2011\/03\/boubaband2.jpg?resize=160%2C120&amp;ssl=1 160w, https:\/\/i0.wp.com\/www.vitel-lompoul.com\/wp-content\/uploads\/2011\/03\/boubaband2.jpg?w=2000&amp;ssl=1 2000w, https:\/\/i0.wp.com\/www.vitel-lompoul.com\/wp-content\/uploads\/2011\/03\/boubaband2.jpg?w=3000&amp;ssl=1 3000w\" sizes=\"auto, (max-width: 280px) 100vw, 280px\" \/><\/a><\/td>\n<td><a href=\"https:\/\/i0.wp.com\/www.vitel-lompoul.com\/wp-content\/uploads\/2011\/03\/DSC_0094.jpg?ssl=1\" target=\"_blank\" rel=\"noopener\"><img data-recalc-dims=\"1\" loading=\"lazy\" decoding=\"async\" class=\"size-medium wp-image-188 aligncenter\" title=\"Art africain\" src=\"https:\/\/i0.wp.com\/www.vitel-lompoul.com\/wp-content\/uploads\/2011\/03\/DSC_0094.jpg?resize=280%2C186&ssl=1\" alt=\"\" width=\"280\" height=\"186\" srcset=\"https:\/\/i0.wp.com\/www.vitel-lompoul.com\/wp-content\/uploads\/2011\/03\/DSC_0094.jpg?resize=280%2C186&amp;ssl=1 280w, https:\/\/i0.wp.com\/www.vitel-lompoul.com\/wp-content\/uploads\/2011\/03\/DSC_0094.jpg?resize=932%2C621&amp;ssl=1 932w, https:\/\/i0.wp.com\/www.vitel-lompoul.com\/wp-content\/uploads\/2011\/03\/DSC_0094.jpg?resize=940%2C626&amp;ssl=1 940w, https:\/\/i0.wp.com\/www.vitel-lompoul.com\/wp-content\/uploads\/2011\/03\/DSC_0094.jpg?resize=460%2C306&amp;ssl=1 460w, https:\/\/i0.wp.com\/www.vitel-lompoul.com\/wp-content\/uploads\/2011\/03\/DSC_0094.jpg?resize=340%2C226&amp;ssl=1 340w, https:\/\/i0.wp.com\/www.vitel-lompoul.com\/wp-content\/uploads\/2011\/03\/DSC_0094.jpg?resize=220%2C146&amp;ssl=1 220w, https:\/\/i0.wp.com\/www.vitel-lompoul.com\/wp-content\/uploads\/2011\/03\/DSC_0094.jpg?resize=160%2C106&amp;ssl=1 160w, https:\/\/i0.wp.com\/www.vitel-lompoul.com\/wp-content\/uploads\/2011\/03\/DSC_0094.jpg?w=1106&amp;ssl=1 1106w\" sizes=\"auto, (max-width: 280px) 100vw, 280px\" \/><\/a><\/td>\n<\/tr>\n<\/tbody>\n<\/table>\n<p>&nbsp;<\/p>\n","protected":false},"excerpt":{"rendered":"<p>&nbsp; VITEL est un logement id\u00e9al pour ceux qui veulent faire du \u00e9cotourisme, bien pour ceux qui voyagent sac au dos \u00e0 l\u2019aventure et qui se dirigent vers le d\u00e9sert, que pour ceux qui d\u00e9sirent s\u2019arr\u00eater quelques jours, se d\u00e9tendre et jouir d\u2019un paysage ravissant, se d\u00e9tacher du stress d\u2019une vie fr\u00e9n\u00e9tique, pour se plonger [&hellip;]<\/p>\n","protected":false},"author":1,"featured_media":0,"parent":0,"menu_order":4,"comment_status":"open","ping_status":"open","template":"page-custom-gallery.php","meta":{"footnotes":""},"class_list":["post-26","page","type-page","status-publish","hentry"],"jetpack_sharing_enabled":true,"_links":{"self":[{"href":"https:\/\/www.vitel-lompoul.com\/index.php?rest_route=\/wp\/v2\/pages\/26","targetHints":{"allow":["GET"]}}],"collection":[{"href":"https:\/\/www.vitel-lompoul.com\/index.php?rest_route=\/wp\/v2\/pages"}],"about":[{"href":"https:\/\/www.vitel-lompoul.com\/index.php?rest_route=\/wp\/v2\/types\/page"}],"author":[{"embeddable":true,"href":"https:\/\/www.vitel-lompoul.com\/index.php?rest_route=\/wp\/v2\/users\/1"}],"replies":[{"embeddable":true,"href":"https:\/\/www.vitel-lompoul.com\/index.php?rest_route=%2Fwp%2Fv2%2Fcomments&post=26"}],"version-history":[{"count":24,"href":"https:\/\/www.vitel-lompoul.com\/index.php?rest_route=\/wp\/v2\/pages\/26\/revisions"}],"predecessor-version":[{"id":284,"href":"https:\/\/www.vitel-lompoul.com\/index.php?rest_route=\/wp\/v2\/pages\/26\/revisions\/284"}],"wp:attachment":[{"href":"https:\/\/www.vitel-lompoul.com\/index.php?rest_route=%2Fwp%2Fv2%2Fmedia&parent=26"}],"curies":[{"name":"wp","href":"https:\/\/api.w.org\/{rel}","templated":true}]}}