{"id":13,"date":"2011-03-20T12:41:49","date_gmt":"2011-03-20T11:41:49","guid":{"rendered":"http:\/\/service230779.dyndns.org\/vitel-lompoul.com\/?page_id=13"},"modified":"2023-09-24T13:29:39","modified_gmt":"2023-09-24T12:29:39","slug":"home","status":"publish","type":"page","link":"https:\/\/www.vitel-lompoul.com\/","title":{"rendered":"Home"},"content":{"rendered":"<p>&nbsp;<\/p>\n<p><img data-recalc-dims=\"1\" loading=\"lazy\" decoding=\"async\" title=\"VITEL\" src=\"https:\/\/i0.wp.com\/www.vitel-lompoul.com\/wp-content\/uploads\/2011\/05\/Panoramica_vitel_2.jpg?resize=932%2C307&ssl=1\" alt=\"Village Int\u00e9gr\u00e9 Touristique et Ecologique de Lompoul\" width=\"932\" height=\"307\" \/><\/p>\n<p>Bienvenue \u00e0 VITEL!<\/p>\n<p>VITEL est un petit et accueillant campement touristique pour ceux qui veulent conna\u00eetre le S\u00e9n\u00e9gal et sa culture de mani\u00e8re responsable, venir \u00e0 contact avec une nature intacte et rencontrer les gens.<\/p>\n<p>Vous d\u00e9couvrirez la v\u00e9ritable essence de \u00abTeranga\u00bb, un concept qui exprime le plaisir typique des S\u00e9n\u00e9galais de recevoir leurs h\u00f4tes avec gentillesse et joie, de leur cuisiner la meilleure nourriture et de leur donner toute l&#8217;attention.<\/p>\n","protected":false},"excerpt":{"rendered":"<p>&nbsp; Bienvenue \u00e0 VITEL! VITEL est un petit et accueillant campement touristique pour ceux qui veulent conna\u00eetre le S\u00e9n\u00e9gal et sa culture de mani\u00e8re responsable, venir \u00e0 contact avec une nature intacte et rencontrer les gens. Vous d\u00e9couvrirez la v\u00e9ritable essence de \u00abTeranga\u00bb, un concept qui exprime le plaisir typique des S\u00e9n\u00e9galais de recevoir leurs [&hellip;]<\/p>\n","protected":false},"author":1,"featured_media":0,"parent":0,"menu_order":0,"comment_status":"open","ping_status":"open","template":"page-custom-gallery.php","meta":{"footnotes":""},"class_list":["post-13","page","type-page","status-publish","hentry"],"jetpack_sharing_enabled":true,"_links":{"self":[{"href":"https:\/\/www.vitel-lompoul.com\/index.php?rest_route=\/wp\/v2\/pages\/13","targetHints":{"allow":["GET"]}}],"collection":[{"href":"https:\/\/www.vitel-lompoul.com\/index.php?rest_route=\/wp\/v2\/pages"}],"about":[{"href":"https:\/\/www.vitel-lompoul.com\/index.php?rest_route=\/wp\/v2\/types\/page"}],"author":[{"embeddable":true,"href":"https:\/\/www.vitel-lompoul.com\/index.php?rest_route=\/wp\/v2\/users\/1"}],"replies":[{"embeddable":true,"href":"https:\/\/www.vitel-lompoul.com\/index.php?rest_route=%2Fwp%2Fv2%2Fcomments&post=13"}],"version-history":[{"count":32,"href":"https:\/\/www.vitel-lompoul.com\/index.php?rest_route=\/wp\/v2\/pages\/13\/revisions"}],"predecessor-version":[{"id":278,"href":"https:\/\/www.vitel-lompoul.com\/index.php?rest_route=\/wp\/v2\/pages\/13\/revisions\/278"}],"wp:attachment":[{"href":"https:\/\/www.vitel-lompoul.com\/index.php?rest_route=%2Fwp%2Fv2%2Fmedia&parent=13"}],"curies":[{"name":"wp","href":"https:\/\/api.w.org\/{rel}","templated":true}]}}